{"id":8952,"date":"2024-03-04T13:05:17","date_gmt":"2024-03-04T13:05:17","guid":{"rendered":"https:\/\/tecnocrimp.com\/credits-2\/"},"modified":"2024-11-05T13:08:23","modified_gmt":"2024-11-05T13:08:23","slug":"credits-2","status":"publish","type":"page","link":"https:\/\/tecnocrimp.com\/en\/credits-2\/","title":{"rendered":"Credits"},"content":{"rendered":"\n<h2 class=\"wp-block-heading\">COMMUNICATION CONSULTANCY, PROJECT MANAGEMENT, CREATIVE COORDINATION AND CONTENT CREATION<\/h2>\n\n<div style=\"height:20px\" aria-hidden=\"true\" class=\"wp-block-spacer\"><\/div>\n\n<p>Bruno Martins<br\/><a href=\"https:\/\/brunomartins.pt\" target=\"_blank\" rel=\"noreferrer noopener\">https:\/\/brunomartins.pt<\/a><\/p>\n\n<div style=\"height:40px\" aria-hidden=\"true\" class=\"wp-block-spacer\"><\/div>\n\n<h2 class=\"wp-block-heading\">VISUAL IDENTITY AND MOTION DESIGN<\/h2>\n\n<div style=\"height:20px\" aria-hidden=\"true\" class=\"wp-block-spacer\"><\/div>\n\n<p>BOMBAZINE<br\/>C\u00e9sar Duarte<br\/>Rui Peralta<br\/><a href=\"https:\/\/bombazinestudio.com\" target=\"_blank\" rel=\"noreferrer noopener\">https:\/\/bombazinestudio.com<\/a><\/p>\n\n<div style=\"height:40px\" aria-hidden=\"true\" class=\"wp-block-spacer\"><\/div>\n\n<h2 class=\"wp-block-heading\">WEB DESIGN AND IMPLEMENTATION<\/h2>\n\n<div style=\"height:20px\" aria-hidden=\"true\" class=\"wp-block-spacer\"><\/div>\n\n<p>OMeuSite.PT<br\/>S\u00e9rgio Correia<br\/><a href=\"https:\/\/omeusite.pt\" target=\"_blank\" rel=\"noreferrer noopener\">https:\/\/omeusite.pt<\/a><\/p>\n\n<div style=\"height:40px\" aria-hidden=\"true\" class=\"wp-block-spacer\"><\/div>\n\n<h2 class=\"wp-block-heading\">PHOTOGRAPHY<\/h2>\n\n<div style=\"height:20px\" aria-hidden=\"true\" class=\"wp-block-spacer\"><\/div>\n\n<p>Bruno Martins<br\/>Cl\u00e1udia Damas<\/p>\n\n<div style=\"height:40px\" aria-hidden=\"true\" class=\"wp-block-spacer\"><\/div>\n\n<h2 class=\"wp-block-heading\">VIDEO AND AERIAL PHOTOGRAPHY<\/h2>\n\n<div style=\"height:20px\" aria-hidden=\"true\" class=\"wp-block-spacer\"><\/div>\n\n<p>Andr\u00e9 Carvalho<br\/>Romeu Carvalho<\/p>\n\n<div style=\"height:40px\" aria-hidden=\"true\" class=\"wp-block-spacer\"><\/div>\n\n<h2 class=\"wp-block-heading\">VIDEO<\/h2>\n\n<div style=\"height:20px\" aria-hidden=\"true\" class=\"wp-block-spacer\"><\/div>\n\n<p>Andr\u00e9 Carvalho<br\/>Bruno Martins<br\/>Nuno Assun\u00e7\u00e3o<\/p>\n\n<div style=\"height:40px\" aria-hidden=\"true\" class=\"wp-block-spacer\"><\/div>\n\n<h2 class=\"wp-block-heading\">PHOTO AND VIDEO POST-PRODUCTION<\/h2>\n\n<div style=\"height:20px\" aria-hidden=\"true\" class=\"wp-block-spacer\"><\/div>\n\n<p>Bruno Martins<\/p>\n\n<div style=\"height:40px\" aria-hidden=\"true\" class=\"wp-block-spacer\"><\/div>\n\n<div style=\"height:40px\" aria-hidden=\"true\" class=\"wp-block-spacer\"><\/div>\n","protected":false},"excerpt":{"rendered":"<p>COMMUNICATION CONSULTANCY, PROJECT MANAGEMENT, CREATIVE COORDINATION AND CONTENT CREATION Bruno Martinshttps:\/\/brunomartins.pt VISUAL IDENTITY AND MOTION DESIGN BOMBAZINEC\u00e9sar DuarteRui Peraltahttps:\/\/bombazinestudio.com WEB DESIGN AND IMPLEMENTATION OMeuSite.PTS\u00e9rgio Correiahttps:\/\/omeusite.pt PHOTOGRAPHY Bruno MartinsCl\u00e1udia Damas VIDEO AND AERIAL PHOTOGRAPHY Andr\u00e9 CarvalhoRomeu Carvalho VIDEO Andr\u00e9 CarvalhoBruno MartinsNuno Assun\u00e7\u00e3o PHOTO AND VIDEO POST-PRODUCTION Bruno Martins<\/p>\n","protected":false},"author":1,"featured_media":0,"parent":0,"menu_order":5,"comment_status":"closed","ping_status":"closed","template":"","meta":{"_acf_changed":false,"footnotes":""},"categorias":[],"class_list":["post-8952","page","type-page","status-publish","hentry"],"acf":[],"_links":{"self":[{"href":"https:\/\/tecnocrimp.com\/en\/wp-json\/wp\/v2\/pages\/8952","targetHints":{"allow":["GET"]}}],"collection":[{"href":"https:\/\/tecnocrimp.com\/en\/wp-json\/wp\/v2\/pages"}],"about":[{"href":"https:\/\/tecnocrimp.com\/en\/wp-json\/wp\/v2\/types\/page"}],"author":[{"embeddable":true,"href":"https:\/\/tecnocrimp.com\/en\/wp-json\/wp\/v2\/users\/1"}],"replies":[{"embeddable":true,"href":"https:\/\/tecnocrimp.com\/en\/wp-json\/wp\/v2\/comments?post=8952"}],"version-history":[{"count":1,"href":"https:\/\/tecnocrimp.com\/en\/wp-json\/wp\/v2\/pages\/8952\/revisions"}],"predecessor-version":[{"id":10893,"href":"https:\/\/tecnocrimp.com\/en\/wp-json\/wp\/v2\/pages\/8952\/revisions\/10893"}],"wp:attachment":[{"href":"https:\/\/tecnocrimp.com\/en\/wp-json\/wp\/v2\/media?parent=8952"}],"wp:term":[{"taxonomy":"categorias","embeddable":true,"href":"https:\/\/tecnocrimp.com\/en\/wp-json\/wp\/v2\/categorias?post=8952"}],"curies":[{"name":"wp","href":"https:\/\/api.w.org\/{rel}","templated":true}]}}